{"id":55,"date":"2022-05-28T15:42:55","date_gmt":"2022-05-28T13:42:55","guid":{"rendered":"https:\/\/www.ulcgtivry.fr\/blog\/?page_id=55"},"modified":"2022-07-17T11:46:20","modified_gmt":"2022-07-17T09:46:20","slug":"vos-droits","status":"publish","type":"page","link":"https:\/\/www.ulcgtivry.fr\/blog\/vos-droits\/","title":{"rendered":"Vos droits !"},"content":{"rendered":"<p>Tout au long de votre vie professionnelle, les syndicats CGT et vos repr\u00e9sentants du personnel CGT en entreprise sont l\u00e0 pour vous renseigner et vous aider \u00e0 faire valoir vos droits, le droit \u00e0 la justice fiscale, le droit \u00e0 l&#8217;emploi pour toutes et tous, le droit \u00e0 la retraite, le droit \u00e0 la sant\u00e9, le droit \u00e0 la repr\u00e9sentation collective, le droit et la libert\u00e9 de se syndiquer, l&rsquo;\u00e9galit\u00e9 entre les femmes et les hommes, le droit \u00e0 la paix, \u00e0 la s\u00e9curit\u00e9&#8230;<\/p>\n<p>La CGT publie sur son site de <a href=\"https:\/\/www.cgt.fr\/terms\/droit\">nombreuses fiches<\/a> vous donnant des arguments pour vous faire entendre !<\/p>\n<p>Nos permanences juridiques repr\u00e9sentent plusieurs centaines de consultations sur l\u2019ann\u00e9e. Elles sont assur\u00e9es d\u2019une part par des avocat.e.s deux jours par semaine dans nos locaux, d\u2019autre part par des conseillers du salari\u00e9 et des \u00e9lus prud\u2019hommaux pour venir en aide aux salari\u00e9.e.s s\u2019il n\u2019y a pas de repr\u00e9sentant.e du personnel dans l\u2019entreprise. <\/p>\n\n\n<!-- Fast Secure Contact Form plugin 4.0.52 - begin - FastSecureContactForm.com -->\r\n<div style=\"clear:both;\"><\/div>\n<p><em> Vous avez besoin d'un conseil juridique, de rencontrer nos conseillers ou nos avocats,  vous pouvez remplir ce formulaire. \r\n<br> Les donn\u00e9es que vous saisirez resteront confidentielles et ne seront connues que des personnes habilit\u00e9es.\r\n<br> Indiquez toutes les pr\u00e9cisions que vous jugerez utiles, nous vous recontacterons le plus rapidement possible. \u00c9ventuellement; vous pouvez indiquer vos jours  et heures de disponibilit\u00e9.  <\/em> <\/p>\r\n<div id=\"FSContact3\" style=\"width:99%; max-width:555px;\">\r\n<form enctype=\"multipart\/form-data\" action=\"https:\/\/www.ulcgtivry.fr\/blog\/wp-json\/wp\/v2\/pages\/55#FSContact3\" id=\"fscf_form3\" method=\"post\">\r\n\n<div id=\"fscf_required3\">\n  <span style=\"text-align:left;\">*<\/span> <span style=\"text-align:left;\">indique un champ requis<\/span>\n<\/div>\n\n\n<div id=\"fscf_div_clear3_2\" style=\"clear:both;\">\n  <div id=\"fscf_div_field3_2\" style=\"clear:left; float:left; width:99%; max-width:550px; margin-right:10px;\">\n    <div style=\"text-align:left; padding-top:5px;\">\n      <label style=\"text-align:left;\" for=\"fscf_field3_2\">Sujet<span style=\"text-align:left;\">*<\/span><\/label>\n    <\/div>\n    <div style=\"text-align:left;\">\n      <input style=\"text-align:left; margin:0; width:99%; max-width:250px;\" type=\"text\" id=\"fscf_field3_2\" name=\"subject\" value=\"J&#039;ai besoin d&#039;un conseil juridique\"  \/>\n    <\/div>\n  <\/div>\n<\/div>\n\n<div id=\"fscf_div_clear3_6\" style=\"clear:both;\">\n  <div id=\"fscf_div_field3_6\" style=\"clear:left; float:left; width:99%; max-width:550px; margin-right:10px;\">\n    <div  id=\"fscf_label3_6\" style=\"text-align:left; padding-top:5px;\">\r\n      <label style=\"text-align:left;\" for=\"fscf_field3_6\">Civilit\u00e9<span style=\"text-align:left;\">*<\/span><\/label>\n    <\/div>\n    <div style=\"text-align:left;\">\n      <span><input type=\"radio\" style=\"width:22px; height:32px;\" id=\"fscf_field3_6_1\" name=\"Civilite\" value=\"1\" \/> <label style=\"display:inline;\" for=\"fscf_field3_6_1\">Madame<\/label><\/span><br \/>\n      <span><input type=\"radio\" style=\"width:22px; height:32px;\" id=\"fscf_field3_6_2\" name=\"Civilite\" value=\"2\" \/> <label style=\"display:inline;\" for=\"fscf_field3_6_2\">Monsieur<\/label><\/span>\n    <\/div>\n  <\/div>\n<\/div>\n\n<div id=\"fscf_div_clear3_0\" style=\"clear:both;\">\n  <div id=\"fscf_div_field3_0\" style=\"clear:left; float:left; width:99%; max-width:550px; margin-right:10px;\">\r\n    <div style=\"text-align:left; padding-top:5px;\">\n      <label style=\"text-align:left;\" for=\"fscf_name3\">Nom<span style=\"text-align:left;\">*<\/span><\/label>\n    <\/div>\r\n    <div style=\"text-align:left;\">\r\n      <input style=\"text-align:left; margin:0; width:99%; max-width:250px;\" type=\"text\" id=\"fscf_name3\" name=\"full_name\" value=\"\"  readonly=\"readonly\" \/>\r\n    <\/div>\r\n  <\/div>\n<\/div>\n\n<div id=\"fscf_div_clear3_4\" style=\"clear:both;\">\n  <div id=\"fscf_div_field3_4\" style=\"clear:left; float:left; width:99%; max-width:550px; margin-right:10px;\">\n    <div  id=\"fscf_label3_4\" style=\"text-align:left; padding-top:5px;\">\r\n      <label style=\"text-align:left;\" for=\"fscf_field3_4\">Pr\u00e9nom<span style=\"text-align:left;\">*<\/span><\/label>\n    <\/div>\n    <div style=\"text-align:left;\">\n      <input style=\"text-align:left; margin:0; width:99%; max-width:250px;\" type=\"text\" id=\"fscf_field3_4\" name=\"Prenom\" value=\"\"  \/>\n    <\/div>\n  <\/div>\n<\/div>\n\n<div id=\"fscf_div_clear3_7\" style=\"clear:both;\">\n  <div id=\"fscf_div_field3_7\" style=\"clear:left; float:left; width:99%; max-width:550px; margin-right:10px;\">\n    <div  id=\"fscf_label3_7\" style=\"text-align:left; padding-top:5px;\">\r\n      <label style=\"text-align:left;\" for=\"fscf_field3_7\">Date de naissance<span style=\"text-align:left;\">*<\/span><\/label>\n    <\/div>\n    <div style=\"text-align:left;\">\n      <input style=\"text-align:left; margin:0; width:99%; max-width:250px;\" type=\"text\" id=\"fscf_field3_7\" name=\"Date-de-naissance\" value=\"jj\/mm\/aaaa\"  size=\"15\"  \/>\n    <\/div>\n  <\/div>\n<\/div>\n\n<div id=\"fscf_div_clear3_1\" style=\"clear:both;\">\n  <div id=\"fscf_div_field3_1\" style=\"clear:left; float:left; width:99%; max-width:550px; margin-right:10px;\">\n    <div style=\"text-align:left; padding-top:5px;\">\n      <label style=\"text-align:left;\" for=\"fscf_email3\">Courriel<span style=\"text-align:left;\">*<\/span><\/label>\n    <\/div>\n    <div style=\"text-align:left;\">\n      <input style=\"text-align:left; margin:0; width:99%; max-width:250px;\" type=\"text\" id=\"fscf_email3\" name=\"email\" value=\"\"  readonly=\"readonly\" \/>\n    <\/div>\n  <\/div>\n<\/div>\n\n<div id=\"fscf_div_clear3_5\" style=\"clear:both;\">\n  <div id=\"fscf_div_field3_5\" style=\"clear:left; float:left; width:99%; max-width:550px; margin-right:10px;\">\n\n    <div style=\"clear:both;\"><\/div>\n<br> <em>Saisir le num\u00e9ro de t\u00e9l\u00e9phone sous la forme 00 00 00 00 00<\/em>\n\n    <div  id=\"fscf_label3_5\" style=\"text-align:left; padding-top:5px;\">\r\n      <label style=\"text-align:left;\" for=\"fscf_field3_5\">T\u00e9l\u00e9phone<span style=\"text-align:left;\">*<\/span><\/label>\n    <\/div>\n    <div style=\"text-align:left;\">\n      <input style=\"text-align:left; margin:0; width:99%; max-width:250px;\" type=\"text\" id=\"fscf_field3_5\" name=\"Telephone\" value=\"\"  14 \/>\n    <\/div>\n  <\/div>\n<\/div>\n\n<div id=\"fscf_div_clear3_10\" style=\"clear:both;\">\n  <div id=\"fscf_div_field3_10\" style=\"clear:left; float:left; width:99%; max-width:550px; margin-right:10px;\">\n    <div  id=\"fscf_label3_10\" style=\"text-align:left; padding-top:5px;\">\r\n      <label style=\"text-align:left;\" for=\"fscf_field3_10\">Localit\u00e9<span style=\"text-align:left;\">*<\/span><\/label>\n    <\/div>\n    <div style=\"text-align:left;\">\n      <input style=\"text-align:left; margin:0; width:99%; max-width:250px;\" type=\"text\" id=\"fscf_field3_10\" name=\"Adresse\" value=\"\"  \/>\n    <\/div>\n  <\/div>\n<\/div>\n\n<div id=\"fscf_div_clear3_3\" style=\"clear:both;\">\n  <div id=\"fscf_div_field3_3\" style=\"clear:left; float:left; width:99%; max-width:550px; margin-right:10px;\">\n\n    <div style=\"clear:both;\"><\/div>\n<br> <em>N'h\u00e9sitez pas \u00e0 donner les d\u00e9tails n\u00e9cessaires pour que nous puissions vous apporter une r\u00e9ponse adapt\u00e9e.<\/em>\n\n    <div style=\"text-align:left; padding-top:5px;\">\n      <label style=\"text-align:left;\" for=\"fscf_field3_3\">Message<span style=\"text-align:left;\">*<\/span><\/label>\n    <\/div>\n    <div style=\"text-align:left;\">\n      <textarea style=\"text-align:left; margin:0; width:99%; max-width:250px; height:120px;\" id=\"fscf_field3_3\" name=\"message\" cols=\"30\" rows=\"10\" ><\/textarea>\n    <\/div>\n  <\/div>\n<\/div>\n\n<div id=\"fscf_div_clear3_8\" style=\"clear:both;\">\n  <div id=\"fscf_div_field3_8\" style=\"clear:left; float:left; width:99%; max-width:550px; margin-right:10px;\">\n    <div  id=\"fscf_label3_8\" style=\"text-align:left; padding-top:5px;\">\r\n      <label style=\"text-align:left;\" for=\"fscf_field3_8\">Situation<span style=\"text-align:left;\">*<\/span><\/label>\n    <\/div>\n    <div style=\"text-align:left;\">\n      <span><input type=\"radio\" style=\"width:22px; height:32px;\" id=\"fscf_field3_8_1\" name=\"Situation\" value=\"1\" \/> <label style=\"display:inline;\" for=\"fscf_field3_8_1\">CDD<\/label><\/span><br \/>\n      <span><input type=\"radio\" style=\"width:22px; height:32px;\" id=\"fscf_field3_8_2\" name=\"Situation\" value=\"2\" \/> <label style=\"display:inline;\" for=\"fscf_field3_8_2\">CDI<\/label><\/span><br \/>\n      <span><input type=\"radio\" style=\"width:22px; height:32px;\" id=\"fscf_field3_8_3\" name=\"Situation\" value=\"3\" \/> <label style=\"display:inline;\" for=\"fscf_field3_8_3\">Agent.e de la fonction publique<\/label><\/span><br \/>\n      <span><input type=\"radio\" style=\"width:22px; height:32px;\" id=\"fscf_field3_8_4\" name=\"Situation\" value=\"4\" \/> <label style=\"display:inline;\" for=\"fscf_field3_8_4\">Priv\u00e9\u00b7e d'emploi<\/label><\/span><br \/>\n      <span><input type=\"radio\" style=\"width:22px; height:32px;\" id=\"fscf_field3_8_5\" name=\"Situation\" value=\"5\" \/> <label style=\"display:inline;\" for=\"fscf_field3_8_5\">Retrait\u00e9\u00b7e<\/label><\/span>\n    <\/div>\n  <\/div>\n<\/div>\n\n<div id=\"fscf_div_clear3_9\" style=\"clear:both;\">\n  <div id=\"fscf_div_field3_9\" style=\"clear:left; float:left; width:99%; max-width:550px; margin-right:10px;\">\n\n    <div style=\"clear:both;\"><\/div>\n<br>\n\n    <div  id=\"fscf_label3_9\" style=\"text-align:left; padding-top:5px;\">\r\n      <label style=\"text-align:left;\" for=\"fscf_field3_9\">Joindre un fichier<\/label>\n    <\/div>\n    <div style=\"text-align:left;\">\n      <input style=\"text-align:left; margin:0; width:99%; max-width:250px;\" type=\"file\" id=\"fscf_field3_9\" name=\"Nouveau-Champ\"  size=\"20\" \/><br \/>\n      <span id=\"fscf_hint_file_types3_9\" style=\"font-size:x-small; font-weight:normal;\">Types de fichiers autoris\u00e9s: doc,docx,pdf,txt,gif,jpg,jpeg,png.<br \/>Taille maximale des fichiers: 1mb.<\/span>\n    <\/div>\n  <\/div>\n<\/div>\r\n<div style=\"clear:both;\"><\/div>\n\n<div style=\"text-align:left; padding-top:5px;\">\n<\/div>\n<div id=\"fscf_captcha_image_div3\" style=\"width:250px; height:65px; padding-top:2px;\">\n      <img loading=\"lazy\" decoding=\"async\" id=\"fscf_captcha_image3\" style=\"border-style:none; margin:0; padding:0px; padding-right:5px; float:left;\" src=\"https:\/\/www.ulcgtivry.fr\/blog\/wp-content\/plugins\/si-contact-form\/captcha\/securimage_show.php?prefix=ZLber5u9ZOtE6IuQ\" width=\"175\" height=\"60\" alt=\"Code Anti-spam\" title=\"Code Anti-spam\" \/>\n      <input id=\"fscf_captcha_prefix3\" type=\"hidden\" name=\"fscf_captcha_prefix3\" value=\"ZLber5u9ZOtE6IuQ\" \/>\n     <div id=\"fscf_captcha_refresh3\">\n        <a href=\"#\" rel=\"nofollow\" title=\"Rafra\u00eechir\" onclick=\"fscf_captcha_refresh('3','\/blog\/wp-content\/plugins\/si-contact-form\/captcha','https:\/\/www.ulcgtivry.fr\/blog\/wp-content\/plugins\/si-contact-form\/captcha\/securimage_show.php?prefix='); return false;\">\n        <img loading=\"lazy\" decoding=\"async\" src=\"https:\/\/www.ulcgtivry.fr\/blog\/wp-content\/plugins\/si-contact-form\/captcha\/images\/refresh.png\" width=\"22\" height=\"20\" alt=\"Rafra\u00eechir\" style=\"border-style:none; margin:0; padding:0px; vertical-align:bottom;\" onclick=\"this.blur();\" \/><\/a>\r\n     <\/div>\r\n<\/div>\r\n\r\n<div id=\"fscf_captcha_field3\" style=\"text-align:left; padding-top:5px;\">\r\n     <label style=\"text-align:left;\" for=\"fscf_captcha_code3\">Code Anti-spam<span style=\"text-align:left;\">*<\/span><\/label>\r\n<\/div>\r\n<div style=\"text-align:left;\">\n     <input style=\"text-align:left; margin:0; width:50px;\" type=\"text\" value=\"\" autocomplete=\"off\" id=\"fscf_captcha_code3\" name=\"captcha_code\"  \/>\n<\/div>\n\n<div id=\"fscf_submit_div3\" style=\"text-align:left; clear:both; padding-top:15px;\">\r\n\t\t<input type=\"submit\" id=\"fscf_submit3\" style=\"cursor:pointer; margin:0;\" value=\"Envoyer\"  onclick=\"this.disabled=true; this.value='Soumis...'; this.form.submit();\" \/> \n<\/div>\n\n<input type=\"hidden\" name=\"fscf_submitted\" value=\"0\" \/>\n<input type=\"hidden\" name=\"fs_postonce_3\" value=\"fec102c9298e7e554f8f57268b8d7302,1777507391\" \/>\n<input type=\"hidden\" name=\"si_contact_action\" value=\"send\" \/>\n<input type=\"hidden\" name=\"form_id\" value=\"3\" \/>\n<input type=\"hidden\" name=\"mailto_id\" value=\"1\" \/>\n\n<\/form>\n<\/div>\r\n<div style=\"clear:both;\"><\/div>\n\n<!-- Fast Secure Contact Form plugin 4.0.52 - end - FastSecureContactForm.com -->\n\n","protected":false},"excerpt":{"rendered":"<p>Tout au long de votre vie professionnelle, les syndicats CGT et vos repr\u00e9sentants du personnel CGT en entreprise sont l\u00e0 pour vous renseigner et vous&hellip; <\/p>\n","protected":false},"author":1,"featured_media":0,"parent":0,"menu_order":4,"comment_status":"closed","ping_status":"closed","template":"","meta":{"ngg_post_thumbnail":0,"footnotes":"","_links_to":"","_links_to_target":""},"categories":[50],"tags":[],"class_list":["post-55","page","type-page","status-publish","hentry","category-juridique"],"jetpack_sharing_enabled":true,"_links":{"self":[{"href":"https:\/\/www.ulcgtivry.fr\/blog\/wp-json\/wp\/v2\/pages\/55","targetHints":{"allow":["GET"]}}],"collection":[{"href":"https:\/\/www.ulcgtivry.fr\/blog\/wp-json\/wp\/v2\/pages"}],"about":[{"href":"https:\/\/www.ulcgtivry.fr\/blog\/wp-json\/wp\/v2\/types\/page"}],"author":[{"embeddable":true,"href":"https:\/\/www.ulcgtivry.fr\/blog\/wp-json\/wp\/v2\/users\/1"}],"replies":[{"embeddable":true,"href":"https:\/\/www.ulcgtivry.fr\/blog\/wp-json\/wp\/v2\/comments?post=55"}],"version-history":[{"count":0,"href":"https:\/\/www.ulcgtivry.fr\/blog\/wp-json\/wp\/v2\/pages\/55\/revisions"}],"wp:attachment":[{"href":"https:\/\/www.ulcgtivry.fr\/blog\/wp-json\/wp\/v2\/media?parent=55"}],"wp:term":[{"taxonomy":"category","embeddable":true,"href":"https:\/\/www.ulcgtivry.fr\/blog\/wp-json\/wp\/v2\/categories?post=55"},{"taxonomy":"post_tag","embeddable":true,"href":"https:\/\/www.ulcgtivry.fr\/blog\/wp-json\/wp\/v2\/tags?post=55"}],"curies":[{"name":"wp","href":"https:\/\/api.w.org\/{rel}","templated":true}]}}