{"id":64,"date":"2022-05-28T16:10:32","date_gmt":"2022-05-28T14:10:32","guid":{"rendered":"https:\/\/www.ulcgtivry.fr\/blog\/?page_id=64"},"modified":"2022-06-09T21:14:06","modified_gmt":"2022-06-09T19:14:06","slug":"orga","status":"publish","type":"page","link":"https:\/\/www.ulcgtivry.fr\/blog\/acces-reserve\/orga\/","title":{"rendered":"Commission orga"},"content":{"rendered":"<p>Cette page est r\u00e9serv\u00e9e aux membres de la commission orga qui \u00e9changeront des fichiers <\/p>\n","protected":false},"excerpt":{"rendered":"<p>Cette page est r\u00e9serv\u00e9e aux membres de la commission orga qui \u00e9changeront des fichiers<\/p>\n","protected":false},"author":1,"featured_media":0,"parent":58,"menu_order":5,"comment_status":"closed","ping_status":"closed","template":"","meta":{"ngg_post_thumbnail":0,"footnotes":"","_links_to":"","_links_to_target":""},"categories":[],"tags":[],"class_list":["post-64","page","type-page","status-publish","hentry"],"jetpack_sharing_enabled":true,"_links":{"self":[{"href":"https:\/\/www.ulcgtivry.fr\/blog\/wp-json\/wp\/v2\/pages\/64","targetHints":{"allow":["GET"]}}],"collection":[{"href":"https:\/\/www.ulcgtivry.fr\/blog\/wp-json\/wp\/v2\/pages"}],"about":[{"href":"https:\/\/www.ulcgtivry.fr\/blog\/wp-json\/wp\/v2\/types\/page"}],"author":[{"embeddable":true,"href":"https:\/\/www.ulcgtivry.fr\/blog\/wp-json\/wp\/v2\/users\/1"}],"replies":[{"embeddable":true,"href":"https:\/\/www.ulcgtivry.fr\/blog\/wp-json\/wp\/v2\/comments?post=64"}],"version-history":[{"count":0,"href":"https:\/\/www.ulcgtivry.fr\/blog\/wp-json\/wp\/v2\/pages\/64\/revisions"}],"up":[{"embeddable":true,"href":"https:\/\/www.ulcgtivry.fr\/blog\/wp-json\/wp\/v2\/pages\/58"}],"wp:attachment":[{"href":"https:\/\/www.ulcgtivry.fr\/blog\/wp-json\/wp\/v2\/media?parent=64"}],"wp:term":[{"taxonomy":"category","embeddable":true,"href":"https:\/\/www.ulcgtivry.fr\/blog\/wp-json\/wp\/v2\/categories?post=64"},{"taxonomy":"post_tag","embeddable":true,"href":"https:\/\/www.ulcgtivry.fr\/blog\/wp-json\/wp\/v2\/tags?post=64"}],"curies":[{"name":"wp","href":"https:\/\/api.w.org\/{rel}","templated":true}]}}